{"id":390,"date":"2025-02-15T16:59:58","date_gmt":"2025-02-15T16:59:58","guid":{"rendered":"https:\/\/patagoniachelofest.cl\/2025\/?page_id=390"},"modified":"2025-02-20T04:00:53","modified_gmt":"2025-02-20T04:00:53","slug":"matias-de-oliveira-pinto","status":"publish","type":"page","link":"https:\/\/patagoniachelofest.cl\/2025\/matias-de-oliveira-pinto\/","title":{"rendered":"Mat\u00edas de Oliveira Pinto"},"content":{"rendered":"<div  data-label=\"About\" data-id=\"about-big-images-section\" data-category=\"about\" class=\"about-big-images-section\" id=\"about-1\" style=\"background-color: rgb(255, 255, 255);\"> <div  class=\"\"> <div  class=\"about-big-images-textrow\"> <div  class=\"about-big-images-textcol dynamic-color\" data-type=\"column\">  <h3  class=\"\"><p >\u201cMirar de frente, continuar con la vida\u201d<\/p>\n<p ><strong >Mat\u00edas de Oliveira Pinto<\/strong><\/p><\/h3> <p  class=\"\"><\/p><p  style=\"text-align: justify;\" class=\"\">Con profundo dolor, anunciamos que el mi\u00e9rcoles 5 de febrero falleci\u00f3 en un accidente automovil\u00edstico nuestro querido Director Musical, <strong >Mat\u00edas de Oliveira Pinto<\/strong>. Su luz, su amistad generosa y su entrega permanente iluminaron el camino de estudiantes y m\u00fasicos en todo el mundo.<\/p><p  style=\"text-align: justify;\" class=\"\">Junto a Magdalena Rosas, Mat\u00edas fund\u00f3 hace seis a\u00f1os este hermoso festival que, a\u00f1o tras a\u00f1o, ha ido evolucionando y enriqueciendo el aprendizaje del violoncello en el extremo sur de Am\u00e9rica. Durante estos seis a\u00f1os y en cada festival, su labor, junto a Marcio Carneiro, Risa Adachi, H\u00e9ctor M\u00e9ndez, Mart\u00edn Osten, Nuria Rosa Munta\u00f1ola, Fernanda Guerra, Domingo Fazzio y tantos amigos profesores que participaron en l\u00ednea durante la pandemia, toc\u00f3 la vida de numerosas infancias y juventudes en nuestra regi\u00f3n, en el pa\u00eds y en el extranjero, ofreciendo un espacio \u00fanico para la formaci\u00f3n y celebraci\u00f3n del violoncello.<\/p><p  style=\"text-align: justify;\" class=\"\">El legado de nuestro querido Mat\u00edas perdurar\u00e1 en cada nota que tocamos y en cada coraz\u00f3n que inspir\u00f3. Por todo lo que representa para la m\u00fasica y para nuestro festival, y siguiendo el esp\u00edritu que \u00e9l nos ense\u00f1\u00f3 con tanto cari\u00f1o, hemos decidido que Patagonia CheloFest debe continuar con la VII versi\u00f3n y con las que vengan. Ser\u00e1 nuestro tributo a su extraordinaria dedicaci\u00f3n.<\/p><p  style=\"text-align: justify;\" class=\"\">En esta edici\u00f3n, honraremos su generosidad, su alegr\u00eda y su magn\u00edfico talento, asegurando que su esp\u00edritu nos acompa\u00f1e en cada clase magistral y en cada concierto. Agradecemos sinceramente a todas las personas inscritas, participantes, m\u00fasicos y a la comunidad en general por su apoyo incondicional y por todas las muestras de cari\u00f1o en estos d\u00edas tan tristes. Este a\u00f1o, rendiremos homenaje a su memoria a trav\u00e9s de la m\u00fasica y el arte, recordando todo lo que dej\u00f3 en cada una de nosotras y nosotros que tuvimos el privilegio de conocerle y compartir con \u00e9l.<\/p><p  style=\"text-align: justify;\" class=\"\">Con cari\u00f1o y gratitud,<\/p><p  style=\"text-align: justify;\" class=\"\"><strong >Equipo Patagonia CheloFest<\/strong><\/p>  <\/div> <\/div> <\/div> <div  class=\"about-big-images-bottomrow\"> <div  class=\"about-big-images-leftimgcol\"><img  decoding=\"async\" class=\"about-big-images-leftimg\" src=\"https:\/\/patagoniachelofest.cl\/2025\/wp-content\/uploads\/2024\/11\/MG_9454-scaled-2.jpg\" alt=\"\"> <\/div> <div  class=\"about-big-images-centerimgcol\"><img  decoding=\"async\" class=\"about-big-images-centerimg\" src=\"https:\/\/patagoniachelofest.cl\/2025\/wp-content\/uploads\/2024\/11\/cropped-cropped-cropped-cropped-imagen_2024-11-03_171522077-1.png\" alt=\"Mat\u00edas de Oliveira Pinto\"> <\/div> <div  class=\"about-big-images-rightimgcol\"><img  decoding=\"async\" class=\"about-big-images-rightimg\" src=\"https:\/\/patagoniachelofest.cl\/2025\/wp-content\/uploads\/2024\/11\/70610450_129261765097153_8153005898235641856_o.jpg\" alt=\"\"> <\/div> <\/div> <\/div><div  data-label=\"Gallery\" data-id=\"full-width-gallery\" data-category=\"gallery\" class=\"row_297 full-width-gallery\" id=\"gallery-1\" style=\"background-color: rgb(246, 246, 246); background-image: none;\" data-ovid=\"ovid-gallery-1-293\"> <div  data-editable=\"true\" data-content-shortcode=\"ope_gallery id=&quot;ope-gallery-1&quot; columns=&quot;5&quot; ids=&quot;186,401,402,403,404,405,408,410,411,412,420,421,422,423&quot; lb=&quot;1&quot; masonry=&quot;0&quot; size=&quot;large&quot; link=&quot;file&quot; \" class=\"\"><div id='ope-gallery-1' class='gallery-wrapper'>    <style type=\"text\/css\">\n        @media only screen and (min-width: 768px) {\n        #ope-gallery-1 dl {\n            float: left;\n            width: 20% !important;\n            max-width: 20% !important;\n            min-width: 20% !important;\n        }\n\n        #ope-gallery-1 dl:nth-of-type(5n +1 ) {\n                                       clear: both;\n                                   }\n        }\n    <\/style>\n    <div   class='ope-gallery-1-dls-wrapper gallery-items-wrapper' ><dl class='gallery-item'>\n\t\t\t<dt class='gallery-icon landscape'>\n\t\t\t\t<a data-fancybox=\"ope-gallery-1-group\" href='https:\/\/patagoniachelofest.cl\/2025\/wp-content\/uploads\/2024\/11\/MG_9454-scaled-2.jpg'><img loading=\"lazy\" decoding=\"async\"  width=\"1024\" height=\"683\" src=\"https:\/\/patagoniachelofest.cl\/2025\/wp-content\/uploads\/2024\/11\/MG_9454-scaled-2-1024x683.jpg\"  class='ope-gallery-1-image' alt=\"\" srcset=\"https:\/\/patagoniachelofest.cl\/2025\/wp-content\/uploads\/2024\/11\/MG_9454-scaled-2-1024x683.jpg 1024w, https:\/\/patagoniachelofest.cl\/2025\/wp-content\/uploads\/2024\/11\/MG_9454-scaled-2-300x200.jpg 300w, https:\/\/patagoniachelofest.cl\/2025\/wp-content\/uploads\/2024\/11\/MG_9454-scaled-2-768x512.jpg 768w, https:\/\/patagoniachelofest.cl\/2025\/wp-content\/uploads\/2024\/11\/MG_9454-scaled-2-1536x1024.jpg 1536w, https:\/\/patagoniachelofest.cl\/2025\/wp-content\/uploads\/2024\/11\/MG_9454-scaled-2-2048x1366.jpg 2048w, https:\/\/patagoniachelofest.cl\/2025\/wp-content\/uploads\/2024\/11\/MG_9454-scaled-2-1620x1080.jpg 1620w\" sizes=\"auto, (max-width: 1024px) 100vw, 1024px\" \/><\/a>\n\t\t\t<\/dt><\/dl><dl class='gallery-item'>\n\t\t\t<dt class='gallery-icon landscape'>\n\t\t\t\t<a data-fancybox=\"ope-gallery-1-group\" href='https:\/\/patagoniachelofest.cl\/2025\/wp-content\/uploads\/2025\/02\/Matias01.jpg'><img loading=\"lazy\" decoding=\"async\"  width=\"1024\" height=\"682\" src=\"https:\/\/patagoniachelofest.cl\/2025\/wp-content\/uploads\/2025\/02\/Matias01-1024x682.jpg\"  class='ope-gallery-1-image' alt=\"\" srcset=\"https:\/\/patagoniachelofest.cl\/2025\/wp-content\/uploads\/2025\/02\/Matias01-1024x682.jpg 1024w, https:\/\/patagoniachelofest.cl\/2025\/wp-content\/uploads\/2025\/02\/Matias01-300x200.jpg 300w, https:\/\/patagoniachelofest.cl\/2025\/wp-content\/uploads\/2025\/02\/Matias01-768x512.jpg 768w, https:\/\/patagoniachelofest.cl\/2025\/wp-content\/uploads\/2025\/02\/Matias01.jpg 1280w\" sizes=\"auto, (max-width: 1024px) 100vw, 1024px\" \/><\/a>\n\t\t\t<\/dt><\/dl><dl class='gallery-item'>\n\t\t\t<dt class='gallery-icon landscape'>\n\t\t\t\t<a data-fancybox=\"ope-gallery-1-group\" href='https:\/\/patagoniachelofest.cl\/2025\/wp-content\/uploads\/2025\/02\/patagonia-04-768x576-1.jpg'><img loading=\"lazy\" decoding=\"async\"  width=\"768\" height=\"576\" src=\"https:\/\/patagoniachelofest.cl\/2025\/wp-content\/uploads\/2025\/02\/patagonia-04-768x576-1.jpg\"  class='ope-gallery-1-image' alt=\"\" srcset=\"https:\/\/patagoniachelofest.cl\/2025\/wp-content\/uploads\/2025\/02\/patagonia-04-768x576-1.jpg 768w, https:\/\/patagoniachelofest.cl\/2025\/wp-content\/uploads\/2025\/02\/patagonia-04-768x576-1-300x225.jpg 300w\" sizes=\"auto, (max-width: 768px) 100vw, 768px\" \/><\/a>\n\t\t\t<\/dt><\/dl><dl class='gallery-item'>\n\t\t\t<dt class='gallery-icon landscape'>\n\t\t\t\t<a data-fancybox=\"ope-gallery-1-group\" href='https:\/\/patagoniachelofest.cl\/2025\/wp-content\/uploads\/2025\/02\/patagonia-06-768x576-1.jpg'><img loading=\"lazy\" decoding=\"async\"  width=\"768\" height=\"576\" src=\"https:\/\/patagoniachelofest.cl\/2025\/wp-content\/uploads\/2025\/02\/patagonia-06-768x576-1.jpg\"  class='ope-gallery-1-image' alt=\"\" srcset=\"https:\/\/patagoniachelofest.cl\/2025\/wp-content\/uploads\/2025\/02\/patagonia-06-768x576-1.jpg 768w, https:\/\/patagoniachelofest.cl\/2025\/wp-content\/uploads\/2025\/02\/patagonia-06-768x576-1-300x225.jpg 300w\" sizes=\"auto, (max-width: 768px) 100vw, 768px\" \/><\/a>\n\t\t\t<\/dt><\/dl><dl class='gallery-item'>\n\t\t\t<dt class='gallery-icon landscape'>\n\t\t\t\t<a data-fancybox=\"ope-gallery-1-group\" href='https:\/\/patagoniachelofest.cl\/2025\/wp-content\/uploads\/2025\/02\/patagonia-41.jpg'><img loading=\"lazy\" decoding=\"async\"  width=\"1024\" height=\"768\" src=\"https:\/\/patagoniachelofest.cl\/2025\/wp-content\/uploads\/2025\/02\/patagonia-41.jpg\"  class='ope-gallery-1-image' alt=\"\" srcset=\"https:\/\/patagoniachelofest.cl\/2025\/wp-content\/uploads\/2025\/02\/patagonia-41.jpg 1024w, https:\/\/patagoniachelofest.cl\/2025\/wp-content\/uploads\/2025\/02\/patagonia-41-300x225.jpg 300w, https:\/\/patagoniachelofest.cl\/2025\/wp-content\/uploads\/2025\/02\/patagonia-41-768x576.jpg 768w\" sizes=\"auto, (max-width: 1024px) 100vw, 1024px\" \/><\/a>\n\t\t\t<\/dt><\/dl><dl class='gallery-item'>\n\t\t\t<dt class='gallery-icon landscape'>\n\t\t\t\t<a data-fancybox=\"ope-gallery-1-group\" href='https:\/\/patagoniachelofest.cl\/2025\/wp-content\/uploads\/2025\/02\/patagonia-37.jpg'><img loading=\"lazy\" decoding=\"async\"  width=\"1024\" height=\"768\" src=\"https:\/\/patagoniachelofest.cl\/2025\/wp-content\/uploads\/2025\/02\/patagonia-37.jpg\"  class='ope-gallery-1-image' alt=\"\" srcset=\"https:\/\/patagoniachelofest.cl\/2025\/wp-content\/uploads\/2025\/02\/patagonia-37.jpg 1024w, https:\/\/patagoniachelofest.cl\/2025\/wp-content\/uploads\/2025\/02\/patagonia-37-300x225.jpg 300w, https:\/\/patagoniachelofest.cl\/2025\/wp-content\/uploads\/2025\/02\/patagonia-37-768x576.jpg 768w\" sizes=\"auto, (max-width: 1024px) 100vw, 1024px\" \/><\/a>\n\t\t\t<\/dt><\/dl><dl class='gallery-item'>\n\t\t\t<dt class='gallery-icon landscape'>\n\t\t\t\t<a data-fancybox=\"ope-gallery-1-group\" href='https:\/\/patagoniachelofest.cl\/2025\/wp-content\/uploads\/2025\/02\/patagonia-07-768x576-1.jpg'><img loading=\"lazy\" decoding=\"async\"  width=\"768\" height=\"576\" src=\"https:\/\/patagoniachelofest.cl\/2025\/wp-content\/uploads\/2025\/02\/patagonia-07-768x576-1.jpg\"  class='ope-gallery-1-image' alt=\"\" srcset=\"https:\/\/patagoniachelofest.cl\/2025\/wp-content\/uploads\/2025\/02\/patagonia-07-768x576-1.jpg 768w, https:\/\/patagoniachelofest.cl\/2025\/wp-content\/uploads\/2025\/02\/patagonia-07-768x576-1-300x225.jpg 300w\" sizes=\"auto, (max-width: 768px) 100vw, 768px\" \/><\/a>\n\t\t\t<\/dt><\/dl><dl class='gallery-item'>\n\t\t\t<dt class='gallery-icon landscape'>\n\t\t\t\t<a data-fancybox=\"ope-gallery-1-group\" href='https:\/\/patagoniachelofest.cl\/2025\/wp-content\/uploads\/2025\/02\/70452302_130009801689016_276078346008264704_o.jpg'><img loading=\"lazy\" decoding=\"async\"  width=\"1024\" height=\"682\" src=\"https:\/\/patagoniachelofest.cl\/2025\/wp-content\/uploads\/2025\/02\/70452302_130009801689016_276078346008264704_o-1024x682.jpg\"  class='ope-gallery-1-image' alt=\"\" srcset=\"https:\/\/patagoniachelofest.cl\/2025\/wp-content\/uploads\/2025\/02\/70452302_130009801689016_276078346008264704_o-1024x682.jpg 1024w, https:\/\/patagoniachelofest.cl\/2025\/wp-content\/uploads\/2025\/02\/70452302_130009801689016_276078346008264704_o-300x200.jpg 300w, https:\/\/patagoniachelofest.cl\/2025\/wp-content\/uploads\/2025\/02\/70452302_130009801689016_276078346008264704_o-768x512.jpg 768w, https:\/\/patagoniachelofest.cl\/2025\/wp-content\/uploads\/2025\/02\/70452302_130009801689016_276078346008264704_o.jpg 1280w\" sizes=\"auto, (max-width: 1024px) 100vw, 1024px\" \/><\/a>\n\t\t\t<\/dt><\/dl><dl class='gallery-item'>\n\t\t\t<dt class='gallery-icon landscape'>\n\t\t\t\t<a data-fancybox=\"ope-gallery-1-group\" href='https:\/\/patagoniachelofest.cl\/2025\/wp-content\/uploads\/2025\/02\/70203182_130009861689010_3510399396632068096_o.jpg'><img loading=\"lazy\" decoding=\"async\"  width=\"1024\" height=\"682\" src=\"https:\/\/patagoniachelofest.cl\/2025\/wp-content\/uploads\/2025\/02\/70203182_130009861689010_3510399396632068096_o-1024x682.jpg\"  class='ope-gallery-1-image' alt=\"\" srcset=\"https:\/\/patagoniachelofest.cl\/2025\/wp-content\/uploads\/2025\/02\/70203182_130009861689010_3510399396632068096_o-1024x682.jpg 1024w, https:\/\/patagoniachelofest.cl\/2025\/wp-content\/uploads\/2025\/02\/70203182_130009861689010_3510399396632068096_o-300x200.jpg 300w, https:\/\/patagoniachelofest.cl\/2025\/wp-content\/uploads\/2025\/02\/70203182_130009861689010_3510399396632068096_o-768x512.jpg 768w, https:\/\/patagoniachelofest.cl\/2025\/wp-content\/uploads\/2025\/02\/70203182_130009861689010_3510399396632068096_o.jpg 1280w\" sizes=\"auto, (max-width: 1024px) 100vw, 1024px\" \/><\/a>\n\t\t\t<\/dt><\/dl><dl class='gallery-item'>\n\t\t\t<dt class='gallery-icon landscape'>\n\t\t\t\t<a data-fancybox=\"ope-gallery-1-group\" href='https:\/\/patagoniachelofest.cl\/2025\/wp-content\/uploads\/2025\/02\/70556446_10217247748719790_4171206013774462976_n.jpg'><img loading=\"lazy\" decoding=\"async\"  width=\"960\" height=\"720\" src=\"https:\/\/patagoniachelofest.cl\/2025\/wp-content\/uploads\/2025\/02\/70556446_10217247748719790_4171206013774462976_n.jpg\"  class='ope-gallery-1-image' alt=\"\" srcset=\"https:\/\/patagoniachelofest.cl\/2025\/wp-content\/uploads\/2025\/02\/70556446_10217247748719790_4171206013774462976_n.jpg 960w, https:\/\/patagoniachelofest.cl\/2025\/wp-content\/uploads\/2025\/02\/70556446_10217247748719790_4171206013774462976_n-300x225.jpg 300w, https:\/\/patagoniachelofest.cl\/2025\/wp-content\/uploads\/2025\/02\/70556446_10217247748719790_4171206013774462976_n-768x576.jpg 768w\" sizes=\"auto, (max-width: 960px) 100vw, 960px\" \/><\/a>\n\t\t\t<\/dt><\/dl><dl class='gallery-item'>\n\t\t\t<dt class='gallery-icon landscape'>\n\t\t\t\t<a data-fancybox=\"ope-gallery-1-group\" href='https:\/\/patagoniachelofest.cl\/2025\/wp-content\/uploads\/2025\/02\/matias06.jpg'><img loading=\"lazy\" decoding=\"async\"  width=\"1024\" height=\"1024\" src=\"https:\/\/patagoniachelofest.cl\/2025\/wp-content\/uploads\/2025\/02\/matias06-1024x1024.jpg\"  class='ope-gallery-1-image' alt=\"\" srcset=\"https:\/\/patagoniachelofest.cl\/2025\/wp-content\/uploads\/2025\/02\/matias06-1024x1024.jpg 1024w, https:\/\/patagoniachelofest.cl\/2025\/wp-content\/uploads\/2025\/02\/matias06-300x300.jpg 300w, https:\/\/patagoniachelofest.cl\/2025\/wp-content\/uploads\/2025\/02\/matias06-150x150.jpg 150w, https:\/\/patagoniachelofest.cl\/2025\/wp-content\/uploads\/2025\/02\/matias06-768x768.jpg 768w, https:\/\/patagoniachelofest.cl\/2025\/wp-content\/uploads\/2025\/02\/matias06.jpg 1080w\" sizes=\"auto, (max-width: 1024px) 100vw, 1024px\" \/><\/a>\n\t\t\t<\/dt><\/dl><dl class='gallery-item'>\n\t\t\t<dt class='gallery-icon portrait'>\n\t\t\t\t<a data-fancybox=\"ope-gallery-1-group\" href='https:\/\/patagoniachelofest.cl\/2025\/wp-content\/uploads\/2025\/02\/matias05.jpg'><img loading=\"lazy\" decoding=\"async\"  width=\"636\" height=\"848\" src=\"https:\/\/patagoniachelofest.cl\/2025\/wp-content\/uploads\/2025\/02\/matias05.jpg\"  class='ope-gallery-1-image' alt=\"\" srcset=\"https:\/\/patagoniachelofest.cl\/2025\/wp-content\/uploads\/2025\/02\/matias05.jpg 636w, https:\/\/patagoniachelofest.cl\/2025\/wp-content\/uploads\/2025\/02\/matias05-225x300.jpg 225w\" sizes=\"auto, (max-width: 636px) 100vw, 636px\" \/><\/a>\n\t\t\t<\/dt><\/dl><dl class='gallery-item'>\n\t\t\t<dt class='gallery-icon landscape'>\n\t\t\t\t<a data-fancybox=\"ope-gallery-1-group\" href='https:\/\/patagoniachelofest.cl\/2025\/wp-content\/uploads\/2025\/02\/matias04.jpg'><img loading=\"lazy\" decoding=\"async\"  width=\"1024\" height=\"576\" src=\"https:\/\/patagoniachelofest.cl\/2025\/wp-content\/uploads\/2025\/02\/matias04-1024x576.jpg\"  class='ope-gallery-1-image' alt=\"\" srcset=\"https:\/\/patagoniachelofest.cl\/2025\/wp-content\/uploads\/2025\/02\/matias04-1024x576.jpg 1024w, https:\/\/patagoniachelofest.cl\/2025\/wp-content\/uploads\/2025\/02\/matias04-300x169.jpg 300w, https:\/\/patagoniachelofest.cl\/2025\/wp-content\/uploads\/2025\/02\/matias04-768x432.jpg 768w, https:\/\/patagoniachelofest.cl\/2025\/wp-content\/uploads\/2025\/02\/matias04.jpg 1440w\" sizes=\"auto, (max-width: 1024px) 100vw, 1024px\" \/><\/a>\n\t\t\t<\/dt><\/dl><dl class='gallery-item'>\n\t\t\t<dt class='gallery-icon portrait'>\n\t\t\t\t<a data-fancybox=\"ope-gallery-1-group\" href='https:\/\/patagoniachelofest.cl\/2025\/wp-content\/uploads\/2025\/02\/matias03.jpg'><img loading=\"lazy\" decoding=\"async\"  width=\"810\" height=\"1014\" src=\"https:\/\/patagoniachelofest.cl\/2025\/wp-content\/uploads\/2025\/02\/matias03.jpg\"  class='ope-gallery-1-image' alt=\"\" srcset=\"https:\/\/patagoniachelofest.cl\/2025\/wp-content\/uploads\/2025\/02\/matias03.jpg 810w, https:\/\/patagoniachelofest.cl\/2025\/wp-content\/uploads\/2025\/02\/matias03-240x300.jpg 240w, https:\/\/patagoniachelofest.cl\/2025\/wp-content\/uploads\/2025\/02\/matias03-768x961.jpg 768w\" sizes=\"auto, (max-width: 810px) 100vw, 810px\" \/><\/a>\n\t\t\t<\/dt><\/dl>\n\t\t\t\n\t\t<\/div>\n<style>#ope-gallery-1 .wp-caption-text.gallery-caption{display:none;}<\/style><\/div><\/div> <\/div>","protected":false},"excerpt":{"rendered":"<p>\u201cMirar de frente, continuar con la vida\u201d Mat\u00edas de Oliveira Pinto Con profundo dolor, anunciamos que el mi\u00e9rcoles 5 de febrero falleci\u00f3 en un accidente automovil\u00edstico nuestro querido Director Musical, Mat\u00edas de Oliveira Pinto. Su luz, su amistad generosa y su entrega permanente iluminaron el camino de estudiantes y m\u00fasicos en todo el mundo.Junto a&hellip; <br \/> <a class=\"button small blue\" href=\"https:\/\/patagoniachelofest.cl\/2025\/blog\/2024\/11\/03\/hello-world\/\">Read more<\/a><\/p>\n","protected":false},"author":1,"featured_media":0,"parent":0,"menu_order":0,"comment_status":"closed","ping_status":"closed","template":"full-width-page.php","meta":{"footnotes":""},"class_list":["post-390","page","type-page","status-publish","hentry"],"_links":{"self":[{"href":"https:\/\/patagoniachelofest.cl\/2025\/wp-json\/wp\/v2\/pages\/390","targetHints":{"allow":["GET"]}}],"collection":[{"href":"https:\/\/patagoniachelofest.cl\/2025\/wp-json\/wp\/v2\/pages"}],"about":[{"href":"https:\/\/patagoniachelofest.cl\/2025\/wp-json\/wp\/v2\/types\/page"}],"author":[{"embeddable":true,"href":"https:\/\/patagoniachelofest.cl\/2025\/wp-json\/wp\/v2\/users\/1"}],"replies":[{"embeddable":true,"href":"https:\/\/patagoniachelofest.cl\/2025\/wp-json\/wp\/v2\/comments?post=390"}],"version-history":[{"count":8,"href":"https:\/\/patagoniachelofest.cl\/2025\/wp-json\/wp\/v2\/pages\/390\/revisions"}],"predecessor-version":[{"id":429,"href":"https:\/\/patagoniachelofest.cl\/2025\/wp-json\/wp\/v2\/pages\/390\/revisions\/429"}],"wp:attachment":[{"href":"https:\/\/patagoniachelofest.cl\/2025\/wp-json\/wp\/v2\/media?parent=390"}],"curies":[{"name":"wp","href":"https:\/\/api.w.org\/{rel}","templated":true}]}}